{"id":440,"date":"2020-10-26T12:19:05","date_gmt":"2020-10-26T12:19:05","guid":{"rendered":"http:\/\/amwerk.bold-themes.com\/berlin\/?page_id=440"},"modified":"2023-03-08T01:36:40","modified_gmt":"2023-03-08T01:36:40","slug":"about-us","status":"publish","type":"page","link":"https:\/\/staging.quinova.cl\/web\/about-us\/","title":{"rendered":"About us"},"content":{"rendered":"<section id=\"bt_bb_section6a05c3ac55f0d\" class=\"bt_bb_section bt_bb_color_scheme_11 bt_bb_layout_boxed_1200 bt_bb_vertical_align_top bt_bb_background_overlay_alternate_solid bt_bb_top_spacing_extra_large bt_bb_bottom_spacing_large bt-dark-skin\" style=\"; --section-primary-color:#ffffff; --section-secondary-color:#013989;\" data-bt-override-class=\"null\"><div class=\"bt_bb_background_image_holder_wrapper\"><div class=\"bt_bb_background_image_holder btLazyLoadBackground\"  data-background_image_src=\"https:\/\/staging.quinova.cl\/web\/wp-content\/uploads\/2023\/02\/CA80CR_chromate_analyzer_operation.jpg\" data-parallax-zoom-start=\"1\" data-parallax-zoom-end=\"1\" data-parallax-blur-start=\"0\" data-parallax-blur-end=\"0\" data-parallax-opacity-start=\"1\" data-parallax-opacity-end=\"1\" style=\" background-image: url(&#039;https:\/\/staging.quinova.cl\/web\/wp-content\/plugins\/bold-page-builder\/img\/blank.gif&#039;);\"><\/div><\/div><div class=\"bt_bb_port\"><div class=\"bt_bb_cell\"><div class=\"bt_bb_cell_inner\"><div class=\"bt_bb_row_wrapper\"><div  class=\"bt_bb_row\"  data-bt-override-class=\"{}\"><div  class=\"bt_bb_column col-xl-6 bt_bb_vertical_align_top bt_bb_align_left bt_bb_padding_normal bt_bb_animation_fade_in bt_bb_animation_zoom_out animate\"  data-width=\"6\" data-bt-override-class=\"{}\"><div class=\"bt_bb_column_content\"><div class=\"bt_bb_column_content_inner\"><header class=\"bt_bb_headline bt_bb_color_scheme_1 bt_bb_dash_none bt_bb_size_extralarge bt_bb_align_inherit\" style=\"; --headline-primary-color:#ffffff; --headline-secondary-color:#000000;\" data-bt-override-class=\"{&quot;bt_bb_size_&quot;:{&quot;current_class&quot;:&quot;bt_bb_size_extralarge&quot;,&quot;xl&quot;:&quot;extralarge&quot;},&quot;bt_bb_align_&quot;:{&quot;current_class&quot;:&quot;bt_bb_align_inherit&quot;,&quot;xl&quot;:&quot;inherit&quot;}}\"><h1><span class=\"bt_bb_headline_content\"><span>QUINOVA CHILE SPA<span class=\"bt_bb_outline_text bt_bb_outline_text_align_center bt_bb_outline_text_size_400\"><span>QUINOVA<\/span><\/span><\/span><\/span><\/h1><\/header><div class=\"bt_bb_separator bt_bb_border_style_none bt_bb_bottom_spacing_60\" data-bt-override-class=\"null\"><\/div><\/div><\/div><\/div><div  class=\"bt_bb_column col-xl-6 bt_bb_vertical_align_top bt_bb_align_center bt_bb_padding_normal\"  data-width=\"6\" data-bt-override-class=\"{}\"><div class=\"bt_bb_column_content\"><div class=\"bt_bb_column_content_inner\"><\/div><\/div><\/div><\/div><\/div><\/div><!-- cell_inner --><\/div><!-- cell --><\/div><!-- port --><\/section><section id=\"bt_bb_section6a05c3ac56266\" class=\"bt_bb_section bt_bb_layout_wide bt_bb_vertical_align_top bt_bb_top_spacing_100 bt_bb_bottom_spacing_40\"  data-bt-override-class=\"null\"><div class=\"bt_bb_port\"><div class=\"bt_bb_cell\"><div class=\"bt_bb_cell_inner\"><div class=\"bt_bb_row_wrapper bt_bb_row_push_right bt_bb_content_wide bt_bb_row_width_boxed_1200\"><div  class=\"bt_bb_row\"  data-bt-override-class=\"{}\"><div  class=\"bt_bb_column col-xl-6 bt_bb_vertical_align_top bt_bb_align_left bt_bb_padding_normal bt_bb_animation_fade_in animate\"  data-width=\"6\" data-bt-override-class=\"{}\"><div class=\"bt_bb_column_content\"><div class=\"bt_bb_column_content_inner\"><header class=\"bt_bb_headline bt_bb_font_weight_600 bt_bb_dash_none bt_bb_size_small bt_bb_align_inherit\" data-bt-override-class=\"null\"><h4><span class=\"bt_bb_headline_content\"><span>Historia<\/span><\/span><\/h4><\/header><div class=\"bt_bb_separator bt_bb_border_style_none bt_bb_bottom_spacing_20\" data-bt-override-class=\"null\"><\/div><div  class=\"bt_bb_text\" ><p>Desde 1991, hemos basado nuestra oferta en servicios y productos para tratamientos de aguas, respondiendo a las necesidades del sector minero, industrial, pesquero, agroalimentario y de servicios del Norte Chileno, Bolivia y pr\u00f3ximamente en Per\u00fa.<\/p>\n<p>Actualmente QUINOVA CHILE SpA, mantiene presencia activa en compa\u00f1\u00edas mineras como BHP Billiton, faena Cerro Colorado; Antofagasta Minerals faenas Antucoya, Centinela y Zald\u00edvar. Miner\u00eda no met\u00e1lica, como SQM, ACF, ALGORTA y QUIBORAX, entre otras.<\/p>\n<\/div><div class=\"bt_bb_separator bt_bb_border_style_none bt_bb_bottom_spacing_20\" data-bt-override-class=\"null\"><\/div><header class=\"bt_bb_headline bt_bb_font_weight_600 bt_bb_dash_none bt_bb_size_small bt_bb_align_inherit\" data-bt-override-class=\"null\"><h4><span class=\"bt_bb_headline_content\"><span>Empresa<\/span><\/span><\/h4><\/header><div class=\"bt_bb_separator bt_bb_border_style_none bt_bb_bottom_spacing_20\" data-bt-override-class=\"null\"><\/div><div  class=\"bt_bb_text\" ><p>Con m\u00e1s de 30 a\u00f1os de experiencia, QUINOVA es especialista en tratamientos de aguas para la industria y miner\u00eda, brindando soluciones \u00f3ptimas para mejorar y asegurar continuidad a las operaciones de empresas del sector industrial, servicios y miner\u00eda.<\/p>\n<p>La oferta destaca por su eficiencia y calidad t\u00e9cnica, lo que permite entregar diversos servicios: limpiezas qu\u00edmicas y mec\u00e1nicas, tratamientos de agua de uso industrial y riles, inhibidores de dep\u00f3sitos y corrosi\u00f3n en equipos de vapor y enfriamiento, granallas para limpieza mec\u00e1nica, cer\u00e1micas alta resistencia para protecci\u00f3n de superficies y contacto abrasivo, todo de acuerdo a los requerimientos de cada cliente.<\/p>\n<p>La incorporaci\u00f3n de tecnolog\u00edas innovadoras y el know-how del equipo de trabajo, avalan la experiencia de QUINOVA en el rubro, asegurando un servicio de vanguardia acorde a las necesidades de las empresas del siglo XXI.<\/p>\n<\/div><div class=\"bt_bb_separator bt_bb_border_style_none bt_bb_bottom_spacing_40 bt_bb_hidden_md bt_bb_hidden_lg\" data-bt-override-class=\"null\"><\/div><\/div><\/div><\/div><div  class=\"bt_bb_column col-xl-6 bt_bb_vertical_align_top bt_bb_align_left bt_bb_padding_20 bt_bb_animation_fade_in animate\"  data-width=\"6\" data-bt-override-class=\"{}\"><div class=\"bt_bb_column_content\"><div class=\"bt_bb_column_content_inner\"><div class=\"bt_bb_row_wrapper\"><div  class=\"bt_bb_row_inner\" style=\"max-width: 580px;\" data-bt-override-class=\"{}\"><div  class=\"bt_bb_column_inner col-xl-12 bt_bb_align_left bt_bb_vertical_align_top\"  data-width=\"12\" data-bt-override-class=\"{}\"><div class=\"bt_bb_column_inner_content\"><div class=\"bt_bb_separator bt_bb_border_style_none bt_bb_bottom_spacing_10\" data-bt-override-class=\"null\"><\/div><div class=\"bt_bb_separator bt_bb_border_style_none bt_bb_bottom_spacing_10\" data-bt-override-class=\"null\"><\/div><\/div><\/div><\/div><\/div><div class=\"bt_bb_separator bt_bb_border_style_none bt_bb_bottom_spacing_40\" data-bt-override-class=\"null\"><\/div><div class=\"bt_bb_slider bt_bb_height_auto bt_bb_show_dots_bottom bt_bb_animation_fade animate bt_bb_overflow_no bt_bb_thick_line_alternate bt_bb_active_dot_accent bt_bb_inactive_dot_light_font bt_bb_slider_arrows_dark_font_light_bg bt_bb_arrows_size_normal\" style=\"max-width: 750px;\"><div class=\"slick-slider fade\"  data-slick='{ \"lazyLoad\": \"progressive\", \"cssEase\": \"ease-out\", \"speed\": \"300\", \"fade\": true, \"adaptiveHeight\": true, \"dots\": true, \"prevArrow\": \"&lt;button type=\\\"button\\\" class=\\\"slick-prev\\\"&gt;\", \"nextArrow\": \"&lt;button type=\\\"button\\\" class=\\\"slick-next\\\"&gt;\", \"autoplay\": true, \"autoplaySpeed\": 3500}' ><div class=\"bt_bb_slider_item\" data-src-full=\"https:\/\/staging.quinova.cl\/web\/wp-content\/uploads\/2023\/01\/Sin-titulo-2.jpg\"><img src=\"https:\/\/staging.quinova.cl\/web\/wp-content\/uploads\/2023\/01\/Sin-titulo-2.jpg\" alt=\"Sin t\u00edtulo-2\"  title=\"Sin t\u00edtulo-2\"><\/div><div class=\"bt_bb_slider_item\" data-src-full=\"https:\/\/staging.quinova.cl\/web\/wp-content\/uploads\/2023\/02\/boiler-water-treatment-resize.jpg\"><img src=\"https:\/\/staging.quinova.cl\/web\/wp-content\/uploads\/2023\/02\/boiler-water-treatment-resize.jpg\" alt=\"boiler-water-treatment-resize\"  title=\"boiler-water-treatment-resize\"><\/div><\/div><\/div><\/div><\/div><\/div><\/div><\/div><\/div><!-- cell_inner --><\/div><!-- cell --><\/div><!-- port --><\/section><section id=\"bt_bb_section6a05c3ac57177\" class=\"bt_bb_section bt_bb_layout_boxed_1200 bt_bb_vertical_align_top bt_bb_bottom_spacing_100\"  data-bt-override-class=\"null\"><div class=\"bt_bb_port\"><div class=\"bt_bb_cell\"><div class=\"bt_bb_cell_inner\"><div class=\"bt_bb_row_wrapper\"><div  class=\"bt_bb_row\"  data-bt-override-class=\"{}\"><div  class=\"bt_bb_column col-xl-3 bt_bb_vertical_align_top bt_bb_align_left bt_bb_padding_normal bt_bb_animation_fade_in bt_bb_animation_zoom_out animate\"  data-width=\"3\" data-bt-override-class=\"{}\"><div class=\"bt_bb_column_content\"><div class=\"bt_bb_column_content_inner\"><div class=\"bt_bb_separator bt_bb_border_style_solid bt_bb_bottom_spacing_30 bt_bb_color_dark_transparent\" data-bt-override-class=\"null\"><\/div><header class=\"bt_bb_headline bt_bb_dash_bottom bt_bb_subheadline bt_bb_size_small bt_bb_align_inherit\" data-bt-override-class=\"{&quot;bt_bb_size_&quot;:{&quot;current_class&quot;:&quot;bt_bb_size_small&quot;,&quot;xl&quot;:&quot;small&quot;},&quot;bt_bb_align_&quot;:{&quot;current_class&quot;:&quot;bt_bb_align_inherit&quot;,&quot;xl&quot;:&quot;inherit&quot;}}\"><h4><span class=\"bt_bb_headline_content\"><span>Misi\u00f3n<\/span><\/span><\/h4><div class=\"bt_bb_headline_subheadline\">Ser una empresa proveedora de servicios industriales innovadores, especializados y de alta tecnolog\u00eda, que se destaquen en el mercado nacional e internacional.<\/div><\/header><div class=\"bt_bb_separator bt_bb_border_style_none bt_bb_bottom_spacing_25\" data-bt-override-class=\"null\"><\/div><\/div><\/div><\/div><div  class=\"bt_bb_column col-xl-3 bt_bb_vertical_align_top bt_bb_align_left bt_bb_padding_normal bt_bb_animation_fade_in bt_bb_animation_zoom_out animate\"  data-width=\"3\" data-bt-override-class=\"{}\"><div class=\"bt_bb_column_content\"><div class=\"bt_bb_column_content_inner\"><div class=\"bt_bb_separator bt_bb_border_style_solid bt_bb_bottom_spacing_30 bt_bb_color_dark_transparent\" data-bt-override-class=\"null\"><\/div><header class=\"bt_bb_headline bt_bb_dash_bottom bt_bb_subheadline bt_bb_size_small bt_bb_align_inherit\" data-bt-override-class=\"{&quot;bt_bb_size_&quot;:{&quot;current_class&quot;:&quot;bt_bb_size_small&quot;,&quot;xl&quot;:&quot;small&quot;},&quot;bt_bb_align_&quot;:{&quot;current_class&quot;:&quot;bt_bb_align_inherit&quot;,&quot;xl&quot;:&quot;inherit&quot;}}\"><h4><span class=\"bt_bb_headline_content\"><span>Visi\u00f3n<\/span><\/span><\/h4><div class=\"bt_bb_headline_subheadline\">Consolidar nuestro liderazgo en la industria nacional e Internacional, manteniendo una presencia sostenida y focalizada a dar soluciones innovadoras y creativas al entregar nuestros servicios especializados, de tal manera que sean valoradas por nuestros clientes, superando incluso sus expectativas.<\/div><\/header><div class=\"bt_bb_separator bt_bb_border_style_none bt_bb_bottom_spacing_25\" data-bt-override-class=\"null\"><\/div><\/div><\/div><\/div><div  class=\"bt_bb_column col-xl-3 bt_bb_vertical_align_top bt_bb_align_left bt_bb_padding_normal bt_bb_animation_fade_in bt_bb_animation_zoom_out animate\"  data-width=\"3\" data-bt-override-class=\"{}\"><div class=\"bt_bb_column_content\"><div class=\"bt_bb_column_content_inner\"><div class=\"bt_bb_separator bt_bb_border_style_solid bt_bb_bottom_spacing_30 bt_bb_color_dark_transparent\" data-bt-override-class=\"null\"><\/div><header class=\"bt_bb_headline bt_bb_dash_bottom bt_bb_subheadline bt_bb_size_small bt_bb_align_inherit\" data-bt-override-class=\"{&quot;bt_bb_size_&quot;:{&quot;current_class&quot;:&quot;bt_bb_size_small&quot;,&quot;xl&quot;:&quot;small&quot;},&quot;bt_bb_align_&quot;:{&quot;current_class&quot;:&quot;bt_bb_align_inherit&quot;,&quot;xl&quot;:&quot;inherit&quot;}}\"><h4><span class=\"bt_bb_headline_content\"><span>Valores<\/span><\/span><\/h4><div class=\"bt_bb_headline_subheadline\">- Transparencia.<br \/>\r\n- Puntualidad.<br \/>\r\n- Diferencia.<br \/>\r\n- Excelencia.<br \/>\r\n- Calidad.<br \/>\r\n- Integridad.<br \/>\r\n- Pasi\u00f3n por lo que hacemos<\/div><\/header><div class=\"bt_bb_separator bt_bb_border_style_none bt_bb_bottom_spacing_25\" data-bt-override-class=\"null\"><\/div><\/div><\/div><\/div><div  class=\"bt_bb_column col-xl-3 bt_bb_vertical_align_top bt_bb_align_left bt_bb_padding_normal bt_bb_animation_fade_in bt_bb_animation_zoom_out animate\"  data-width=\"3\" data-bt-override-class=\"{}\"><div class=\"bt_bb_column_content\"><div class=\"bt_bb_column_content_inner\"><div class=\"bt_bb_separator bt_bb_border_style_solid bt_bb_bottom_spacing_30 bt_bb_color_dark_transparent\" data-bt-override-class=\"null\"><\/div><header class=\"bt_bb_headline bt_bb_dash_bottom bt_bb_subheadline bt_bb_size_small bt_bb_align_inherit\" data-bt-override-class=\"{&quot;bt_bb_size_&quot;:{&quot;current_class&quot;:&quot;bt_bb_size_small&quot;,&quot;xl&quot;:&quot;small&quot;},&quot;bt_bb_align_&quot;:{&quot;current_class&quot;:&quot;bt_bb_align_inherit&quot;,&quot;xl&quot;:&quot;inherit&quot;}}\"><h4><span class=\"bt_bb_headline_content\"><span>Pol\u00edtica<\/span><\/span><\/h4><div class=\"bt_bb_headline_subheadline\">Nos comprometemos a una gesti\u00f3n integral centrada en las personas, que proteja la vida, la integridad f\u00edsica y la salud de sus trabajadores, as\u00ed como la de sus subcontratos y otras personas que est\u00e9n en el entorno de sus operaciones y proyectos.<\/div><\/header><div class=\"bt_bb_separator bt_bb_border_style_none bt_bb_bottom_spacing_25\" data-bt-override-class=\"null\"><\/div><\/div><\/div><\/div><\/div><\/div><\/div><!-- cell_inner --><\/div><!-- cell --><\/div><!-- port --><\/section><section id=\"bt_bb_section6a05c3ac577b1\" class=\"bt_bb_section bt_bb_color_scheme_2 bt_bb_layout_wide bt_bb_vertical_align_top\" style=\"z-index: 1;; --section-primary-color:#000000; --section-secondary-color:#ffffff;\" data-bt-override-class=\"null\"><div class=\"bt_bb_port\"><div class=\"bt_bb_cell\"><div class=\"bt_bb_cell_inner\"><div class=\"bt_bb_row_wrapper bt_bb_row_push_left bt_bb_content_wide bt_bb_row_width_boxed_1200\"><div  class=\"bt_bb_row bt_bb_column_gap_0\"  data-bt-override-class=\"{}\"><div  class=\"bt_bb_column col-xl-6 bt_bb_vertical_align_top bt_bb_align_right bt_bb_padding_normal bt_bb_animation_fade_in animate\"  data-width=\"6\" data-bt-override-class=\"{}\"><div class=\"bt_bb_column_content\"><div class=\"bt_bb_column_content_inner\"><div class=\"bt_bb_image bt_bb_shape_square bt_bb_align_inherit bt_bb_hover_style_simple bt_bb_content_display_always bt_bb_content_align_middle bt_bb_remove_padding_yes bt_bb_fill_background_color_full\" style=\"max-width: 700px; margin-top: -40px;\" data-bt-override-class=\"null\"><span><img src = \"https:\/\/staging.quinova.cl\/web\/wp-content\/plugins\/bold-page-builder\/img\/blank.gif\" data-full_image_src=\"https:\/\/staging.quinova.cl\/web\/wp-content\/uploads\/2023\/02\/planta-de-agua-y-conduccion.jpg\" data-image_src=\"https:\/\/staging.quinova.cl\/web\/wp-content\/uploads\/2023\/02\/planta-de-agua-y-conduccion.jpg\" title=\"planta-de-agua-y-conduccion\" alt=\"https:\/\/staging.quinova.cl\/web\/wp-content\/uploads\/2023\/02\/planta-de-agua-y-conduccion.jpg\" class=\"btLazyLoadImage\"><\/span><\/div><div class=\"bt_bb_separator bt_bb_border_style_solid bt_bb_hidden_xs bt_bb_hidden_ms bt_bb_hidden_sm\" style=\"max-width: 600px; margin-left: auto; border-bottom-color: #F1F1F1;; border-width: 40px\" data-bt-override-class=\"null\"><\/div><\/div><\/div><\/div><div  class=\"bt_bb_column col-xl-6 bt_bb_vertical_align_middle bt_bb_align_left bt_bb_padding_70 bt_bb_animation_fade_in animate\" style=\"background-color:rgba(241, 241, 241, 1);\" data-width=\"6\" data-bt-override-class=\"{}\"><div class=\"bt_bb_column_content\"><div class=\"bt_bb_column_content_inner\"><div class=\"bt_bb_separator bt_bb_border_style_none bt_bb_bottom_spacing_60 bt_bb_hidden_md bt_bb_hidden_lg\" data-bt-override-class=\"null\"><\/div><header class=\"bt_bb_headline bt_bb_dash_top bt_bb_superheadline bt_bb_subheadline bt_bb_size_large bt_bb_align_inherit\" data-bt-override-class=\"null\"><div class=\"bt_bb_headline_superheadline_outside\"><span class=\"bt_bb_headline_superheadline\"><span>\u00b0\u00b0\u00b0\u00b0<\/span><\/span><\/div><h3><span class=\"bt_bb_headline_content\"><span>Nuestra Motivaci\u00f3n<\/span><\/span><\/h3><div class=\"bt_bb_headline_subheadline\">Nos dedicamos d\u00eda a d\u00eda en entregar la mejor calidad de nuestros productos y atenci\u00f3n a nuestros clientes. Buscamos siempre estar a la vanguardia en nuestra tecnolog\u00edas y equipos que nos permitan brindar una mejor respuesta y adaptarnos a cada necesidad.<\/div><\/header><div class=\"bt_bb_separator bt_bb_border_style_none bt_bb_bottom_spacing_40\" data-bt-override-class=\"null\"><\/div><div  class=\"bt_bb_text\" ><p>Quinova Chile Spa<\/p>\n<\/div><div class=\"bt_bb_separator bt_bb_border_style_none bt_bb_bottom_spacing_5\" data-bt-override-class=\"null\"><\/div><div class=\"bt_bb_separator bt_bb_border_style_none bt_bb_bottom_spacing_60 bt_bb_hidden_md bt_bb_hidden_lg\" data-bt-override-class=\"null\"><\/div><\/div><\/div><\/div><\/div><\/div><div class=\"bt_bb_row_wrapper\"><div  class=\"bt_bb_row\"  data-bt-override-class=\"{}\"><div  class=\"bt_bb_column col-xl-12 bt_bb_vertical_align_top bt_bb_align_left bt_bb_padding_normal\"  data-width=\"12\" data-bt-override-class=\"{}\"><div class=\"bt_bb_column_content\"><div class=\"bt_bb_column_content_inner\"><div class=\"bt_bb_separator bt_bb_border_style_none bt_bb_bottom_spacing_60 bt_bb_hidden_xs bt_bb_hidden_ms bt_bb_hidden_sm\" data-bt-override-class=\"null\"><\/div><\/div><\/div><\/div><\/div><\/div><\/div><!-- cell_inner --><\/div><!-- cell --><\/div><!-- port --><\/section>","protected":false},"excerpt":{"rendered":"<p>Interactively procrastinate high-payoff content without backward-compatible data. Quickly cultivate optimal processes and tactical architectures. Completely iterate covalent strategic theme areas via accurate e-markets.<\/p>\n","protected":false},"author":2,"featured_media":624,"parent":0,"menu_order":0,"comment_status":"closed","ping_status":"closed","template":"","meta":{"_themeisle_gutenberg_block_has_review":false},"_links":{"self":[{"href":"https:\/\/staging.quinova.cl\/web\/wp-json\/wp\/v2\/pages\/440"}],"collection":[{"href":"https:\/\/staging.quinova.cl\/web\/wp-json\/wp\/v2\/pages"}],"about":[{"href":"https:\/\/staging.quinova.cl\/web\/wp-json\/wp\/v2\/types\/page"}],"author":[{"embeddable":true,"href":"https:\/\/staging.quinova.cl\/web\/wp-json\/wp\/v2\/users\/2"}],"replies":[{"embeddable":true,"href":"https:\/\/staging.quinova.cl\/web\/wp-json\/wp\/v2\/comments?post=440"}],"version-history":[{"count":21,"href":"https:\/\/staging.quinova.cl\/web\/wp-json\/wp\/v2\/pages\/440\/revisions"}],"predecessor-version":[{"id":1496,"href":"https:\/\/staging.quinova.cl\/web\/wp-json\/wp\/v2\/pages\/440\/revisions\/1496"}],"wp:featuredmedia":[{"embeddable":true,"href":"https:\/\/staging.quinova.cl\/web\/wp-json\/wp\/v2\/media\/624"}],"wp:attachment":[{"href":"https:\/\/staging.quinova.cl\/web\/wp-json\/wp\/v2\/media?parent=440"}],"curies":[{"name":"wp","href":"https:\/\/api.w.org\/{rel}","templated":true}]}}